{"id":14907,"date":"2023-06-02T15:40:41","date_gmt":"2023-06-02T18:40:41","guid":{"rendered":"https:\/\/bitcoinblock.com.br\/loja\/?page_id=14907"},"modified":"2024-12-22T20:20:12","modified_gmt":"2024-12-22T23:20:12","slug":"pagina-assinantes-baleia","status":"publish","type":"page","link":"https:\/\/bitcoinblock.com.br\/loja\/pagina-assinantes-baleia\/","title":{"rendered":"P\u00e1gina Assinantes Baleia"},"content":{"rendered":"<div class=\"swpm-post-not-logged-in-msg\">You need to be logged in to view this content. Por favor <a class=\"swpm-login-link\" href=\"https:\/\/bitcoinblock.com.br\/loja\/membership-login\/\">Log In<\/a>. N\u00e3o \u00e9 um membro? <a href=\"https:\/\/bitcoinblock.com.br\/loja\/membership-join\/\">Junte-se a n\u00f3s<\/a><\/div>","protected":false},"excerpt":{"rendered":"<p>You need to be logged in to view this content. Por favor Log In. N\u00e3o \u00e9 um membro? Junte-se a n\u00f3s<\/p>\n","protected":false},"author":224731818,"featured_media":0,"parent":0,"menu_order":0,"comment_status":"closed","ping_status":"closed","template":"","meta":{"footnotes":""},"class_list":["post-14907","page","type-page","status-publish","hentry"],"_links":{"self":[{"href":"https:\/\/bitcoinblock.com.br\/loja\/wp-json\/wp\/v2\/pages\/14907","targetHints":{"allow":["GET"]}}],"collection":[{"href":"https:\/\/bitcoinblock.com.br\/loja\/wp-json\/wp\/v2\/pages"}],"about":[{"href":"https:\/\/bitcoinblock.com.br\/loja\/wp-json\/wp\/v2\/types\/page"}],"author":[{"embeddable":true,"href":"https:\/\/bitcoinblock.com.br\/loja\/wp-json\/wp\/v2\/users\/224731818"}],"replies":[{"embeddable":true,"href":"https:\/\/bitcoinblock.com.br\/loja\/wp-json\/wp\/v2\/comments?post=14907"}],"version-history":[{"count":102,"href":"https:\/\/bitcoinblock.com.br\/loja\/wp-json\/wp\/v2\/pages\/14907\/revisions"}],"predecessor-version":[{"id":22584,"href":"https:\/\/bitcoinblock.com.br\/loja\/wp-json\/wp\/v2\/pages\/14907\/revisions\/22584"}],"wp:attachment":[{"href":"https:\/\/bitcoinblock.com.br\/loja\/wp-json\/wp\/v2\/media?parent=14907"}],"curies":[{"name":"wp","href":"https:\/\/api.w.org\/{rel}","templated":true}]}}