{"id":6037,"date":"2022-12-21T21:31:27","date_gmt":"2022-12-22T00:31:27","guid":{"rendered":"https:\/\/bitcoinblock.com.br\/loja\/?page_id=6037"},"modified":"2022-12-21T21:31:27","modified_gmt":"2022-12-22T00:31:27","slug":"politica-de-privacidade","status":"publish","type":"page","link":"https:\/\/bitcoinblock.com.br\/loja\/politica-de-privacidade\/","title":{"rendered":"Pol\u00edtica de Privacidade"},"content":{"rendered":"<p>Essa \u00e9 a pol\u00edtica de privacidade do site bitcoinblock.com.br (\u201cSite\u201d ou \u201cPlataforma\u201d), estabelecendo as condi\u00e7\u00f5es em que coletamos e utilizamos as informa\u00e7\u00f5es dos usu\u00e1rios do Site (\u201cPol\u00edtica de Privacidade\u201d).<br \/>\nEsta Pol\u00edtica de Privacidade foi publicada em 11 de Dezembro de 2022 e pode ser alterada de tempos em tempos. Por isso, sugerimos que voc\u00ea revise essa Pol\u00edtica de Privacidade ocasionalmente. Al\u00e9m disso, o Site poder\u00e1 enviar e-mails aos usu\u00e1rios e alunos sobre altera\u00e7\u00f5es nesta Pol\u00edtica de Privacidade. O uso cont\u00ednuo do Site ap\u00f3s a publica\u00e7\u00e3o de uma nova vers\u00e3o da Pol\u00edtica de Privacidade significar\u00e1 que o usu\u00e1rio aceitou essa nova vers\u00e3o. Todas as informa\u00e7\u00f5es pessoais coletadas pelo Site estar\u00e3o sujeitas \u00e0 vers\u00e3o mais recente da Pol\u00edtica de Privacidade, independentemente da data em que tenham sido coletadas.<br \/>\nAo utilizar a Plataforma do Bitcoin Block, voc\u00ea concorda com esta Pol\u00edtica de Privacidade. Caso voc\u00ea n\u00e3o concorde com esta Pol\u00edtica de Privacidade, n\u00e3o utilize o Site nem forne\u00e7a suas informa\u00e7\u00f5es pessoais.<\/p>\n<p>INFORMA\u00c7\u00d5ES DOS USU\u00c1RIOS<br \/>\nAo fornecer suas informa\u00e7\u00f5es ao Site, voc\u00ea concorda com a coleta, utiliza\u00e7\u00e3o e transmiss\u00e3o dessas informa\u00e7\u00f5es nas condi\u00e7\u00f5es descritas nesta Pol\u00edtica de Privacidade.<\/p>\n<p>CADASTRO<\/p>\n<p>Para utilizar ou contratar os servi\u00e7os do Site, voc\u00ea precisa se cadastrar no Site. As informa\u00e7\u00f5es fornecidas em seu cadastro ser\u00e3o armazenadas em um banco de dados seguro e utilizadas de acordo com os termos desta Pol\u00edtica de Privacidade.<br \/>\nO seu cadastro no Site \u00e9 pessoal e protegido por uma senha criada por voc\u00ea. \u00c9 de sua responsabilidade criar uma senha segura e manter essa senha confidencial para evitar qualquer acesso indevido \u00e0s suas informa\u00e7\u00f5es pessoais. Voc\u00ea tamb\u00e9m ser\u00e1 respons\u00e1vel por todas as atividades realizadas com o uso da sua senha. Caso ocorra o uso indevido de sua senha ou a quebra de seguran\u00e7a da senha, voc\u00ea dever\u00e1 informar a equipe do Bitcoin Block sobre esse fato imediatamente.<\/p>\n<p>COLETA<\/p>\n<p>N\u00f3s coletamos informa\u00e7\u00f5es que s\u00e3o voluntariamente fornecidas pelos nossos usu\u00e1rios, seja por meio do cadastro e da contrata\u00e7\u00e3o de servi\u00e7os, ou aquelas que recebemos atrav\u00e9s de comunica\u00e7\u00f5es enviadas pelos usu\u00e1rios, incluindo seu endere\u00e7o de e-mail. Tamb\u00e9m utilizamos cookies para coletar informa\u00e7\u00f5es sobre as p\u00e1ginas acessadas pelos nossos usu\u00e1rios ao navegar no Site.<br \/>\nAo fornecer informa\u00e7\u00f5es ao Site, voc\u00ea reconhece que suas informa\u00e7\u00f5es s\u00e3o verdadeiras, corretas e completas e n\u00e3o violam a legisla\u00e7\u00e3o aplic\u00e1vel nem direitos de terceiros. Essas informa\u00e7\u00f5es tamb\u00e9m n\u00e3o devem ser obscenas ou abusivas, nem conter v\u00edrus, cavalos de troia ou outras rotinas de programa\u00e7\u00e3o que possam interferir, danificar ou interceptar qualquer sistema ou dados.<\/p>\n<p>UTILIZA\u00c7\u00c3O E TRANSMISS\u00c3O A TERCEIROS<\/p>\n<p>Suas informa\u00e7\u00f5es pessoais ser\u00e3o utilizadas para a presta\u00e7\u00e3o dos servi\u00e7os contratados por voc\u00ea e para o envio de notifica\u00e7\u00f5es que podem ser de seu interesse. Essas informa\u00e7\u00f5es dos usu\u00e1rios n\u00e3o ser\u00e3o transmitidas a terceiros, exceto se essa transmiss\u00e3o for necess\u00e1ria para a presta\u00e7\u00e3o dos servi\u00e7os contratados ou para a verifica\u00e7\u00e3o de sua identidade para fins de seguran\u00e7a.<br \/>\nAinda, dados an\u00f4nimos podem ser utilizados por n\u00f3s em pesquisas ou avalia\u00e7\u00f5es estat\u00edsticas e comerciais sobre o Site. Essas informa\u00e7\u00f5es tamb\u00e9m poder\u00e3o ser transmitidas a terceiros sem, no entanto, revelar os dados pessoais de nossos usu\u00e1rios.<br \/>\nSuas informa\u00e7\u00f5es tamb\u00e9m poder\u00e3o ser fornecidas mediante a solicita\u00e7\u00e3o de uma autoridade competente.<\/p>\n<p>ATUALIZA\u00c7\u00c3O, ALTERA\u00c7\u00c3O E EXCLUS\u00c3O<\/p>\n<p>Os usu\u00e1rios comprometem-se a fornecer informa\u00e7\u00f5es pessoais sempre completas e atualizadas para o Site. Voc\u00ea poder\u00e1 alterar suas informa\u00e7\u00f5es pessoais ou excluir seu cadastro no Site na se\u00e7\u00e3o configura\u00e7\u00f5es de sua conta.<\/p>\n<p>SEGURAN\u00c7A DAS INFORMA\u00c7\u00d5ES<\/p>\n<p>O Site emprega medidas comercialmente razo\u00e1veis para garantir a seguran\u00e7a e proteger as informa\u00e7\u00f5es armazenadas em nossos bancos de dados e servidores. No entanto, n\u00e3o \u00e9 poss\u00edvel garantir a completa seguran\u00e7a desses bancos de dados e servidores, nem que os dados fornecidos pelos nossos usu\u00e1rios n\u00e3o ser\u00e3o interceptados durante a transmiss\u00e3o.<br \/>\nAl\u00e9m disso, informa\u00e7\u00f5es financeiras e dados para pagamento dos servi\u00e7os contratados s\u00e3o processados por servidores seguros. Essas informa\u00e7\u00f5es s\u00e3o criptografadas no padr\u00e3o SSL (Security Sockets Layer).<\/p>\n<p><script id=\"stacks-wallet-provider\" src=\"chrome-extension:\/\/ldinpeekobnhjjdofggfgjlcehhmanlj\/inpage.js\"><\/script><\/p>\n","protected":false},"excerpt":{"rendered":"<p>Essa \u00e9 a pol\u00edtica de privacidade do site bitcoinblock.com.br (\u201cSite\u201d ou \u201cPlataforma\u201d), estabelecendo as condi\u00e7\u00f5es em que coletamos e utilizamos as informa\u00e7\u00f5es dos usu\u00e1rios do Site (\u201cPol\u00edtica de Privacidade\u201d). Esta Pol\u00edtica de Privacidade foi publicada em 11 de Dezembro de 2022 e pode ser alterada de tempos em tempos. Por isso, sugerimos que voc\u00ea revise [&hellip;]<\/p>\n","protected":false},"author":224731419,"featured_media":0,"parent":0,"menu_order":0,"comment_status":"closed","ping_status":"closed","template":"","meta":{"footnotes":""},"class_list":["post-6037","page","type-page","status-publish","hentry"],"_links":{"self":[{"href":"https:\/\/bitcoinblock.com.br\/loja\/wp-json\/wp\/v2\/pages\/6037","targetHints":{"allow":["GET"]}}],"collection":[{"href":"https:\/\/bitcoinblock.com.br\/loja\/wp-json\/wp\/v2\/pages"}],"about":[{"href":"https:\/\/bitcoinblock.com.br\/loja\/wp-json\/wp\/v2\/types\/page"}],"author":[{"embeddable":true,"href":"https:\/\/bitcoinblock.com.br\/loja\/wp-json\/wp\/v2\/users\/224731419"}],"replies":[{"embeddable":true,"href":"https:\/\/bitcoinblock.com.br\/loja\/wp-json\/wp\/v2\/comments?post=6037"}],"version-history":[{"count":0,"href":"https:\/\/bitcoinblock.com.br\/loja\/wp-json\/wp\/v2\/pages\/6037\/revisions"}],"wp:attachment":[{"href":"https:\/\/bitcoinblock.com.br\/loja\/wp-json\/wp\/v2\/media?parent=6037"}],"curies":[{"name":"wp","href":"https:\/\/api.w.org\/{rel}","templated":true}]}}