{"id":14578,"date":"2023-05-26T18:04:45","date_gmt":"2023-05-26T21:04:45","guid":{"rendered":"https:\/\/bitcoinblock.com.br\/loja\/?post_type=product&#038;p=14578"},"modified":"2025-07-08T21:45:35","modified_gmt":"2025-07-09T00:45:35","slug":"trader-de-sucesso","status":"publish","type":"product","link":"https:\/\/bitcoinblock.com.br\/loja\/produto\/trader-de-sucesso\/","title":{"rendered":"Treinamento: TRADER DE SUCESSO"},"content":{"rendered":"<div class=\"flex max-w-full flex-col flex-grow\">\n<div class=\"min-h-8 text-message flex w-full flex-col items-end gap-2 whitespace-normal break-words [.text-message+&amp;]:mt-5\" dir=\"auto\" data-message-author-role=\"assistant\" data-message-id=\"f40b5d34-eeab-42df-8b47-c1abcd53acae\" data-message-model-slug=\"gpt-4o\">\n<div class=\"flex w-full flex-col gap-1 empty:hidden first:pt-[3px]\">\n<div class=\"markdown prose w-full break-words dark:prose-invert dark\">\n<p><strong>Transforme-se em um Investidor Profissional com o Nosso Treinamento Intensivo em Criptomoedas!<\/strong><\/p>\n<p><strong>Domine o Mercado com Conhecimento Pr\u00e1tico e Direto!<\/strong><\/p>\n<p>Este curso \u00e9 uma imers\u00e3o completa e pr\u00e1tica, ideal para quem deseja ir al\u00e9m do b\u00e1sico e adquirir habilidades s\u00f3lidas no universo dos investimentos. Aprenda a interpretar gr\u00e1ficos, identificar tend\u00eancias e decifrar indicadores com precis\u00e3o. E, embora focado em criptomoedas, o treinamento capacita voc\u00ea a investir em diversos ativos, como a\u00e7\u00f5es, commodities, moedas e outros mercados financeiros ao redor do mundo.<\/p>\n<p><strong>O que voc\u00ea vai aprender:<\/strong><\/p>\n<p><strong>Leitura de Gr\u00e1ficos e An\u00e1lise T\u00e9cnica<\/strong><br \/>\nEntenda como prever movimentos de pre\u00e7os e tomar decis\u00f5es seguras, evitando as armadilhas do mercado.<\/p>\n<p><strong>Estrat\u00e9gias para Multiplicar seu Capital<\/strong><br \/>\nAcesse t\u00e1ticas de investimento usadas por profissionais para maximizar os lucros.<\/p>\n<p><strong>Gest\u00e3o de Riscos e Planejamento Financeiro<\/strong><br \/>\nDesenvolva uma mentalidade resistente a perdas e aprenda a gerenciar riscos de forma inteligente.<\/p>\n<p><strong>Interpreta\u00e7\u00e3o de Tend\u00eancias e Indicadores<\/strong><br \/>\nAprenda a interpretar dados complexos para tomar decis\u00f5es estrat\u00e9gicas em qualquer ativo.<\/p>\n<p><strong>Para quem \u00e9 esse treinamento?<\/strong><br \/>\nEsse curso \u00e9 feito para todos! Seja voc\u00ea um iniciante ou algu\u00e9m com experi\u00eancia no mercado, nosso m\u00e9todo pr\u00e1tico e objetivo \u00e9 acess\u00edvel a qualquer pessoa, em qualquer est\u00e1gio, para aprender, aplicar e lucrar.<\/p>\n<p><strong>Benef\u00edcios do curso:<\/strong><\/p>\n<p><strong>Independ\u00eancia nas suas An\u00e1lises e Decis\u00f5es de Investimento<\/strong><br \/>\nA liberdade de fazer suas pr\u00f3prias an\u00e1lises com confian\u00e7a e autonomia.<\/p>\n<p><strong>Conhecimento para Investir em Diversos Ativos ao Redor do Mundo<\/strong><br \/>\nSeja em criptomoedas, a\u00e7\u00f5es ou outros mercados globais, voc\u00ea estar\u00e1 preparado.<\/p>\n<p><strong>Suporte e Networking Exclusivo<\/strong><br \/>\nAcesso a uma comunidade de investidores para trocar experi\u00eancias, tirar d\u00favidas e acelerar seu crescimento.<\/p>\n<p>Comece agora sua jornada para a independ\u00eancia financeira e conquiste o futuro que voc\u00ea merece!<\/p>\n<p><strong>Pr\u00f3ximos passos: <\/strong>Antes de adquirir qualquer curso ou mentoria, esclare\u00e7a suas d\u00favidas e fa\u00e7a perguntas diretamente \u00e0 <a href=\"https:\/\/t.me\/BitcoinBlockBr\/42001\">equipe<\/a>.<\/p>\n<p>Pagamentos direto com cripto 5% de desconto.<\/p>\n<p>Ap\u00f3s pagamento, enviar comprovante para <a href=\"mailto:contato@bitcoinblock.com.br\"><strong>contato@bitcoinblock.com.br<\/strong><\/a><\/p>\n<p>&nbsp;<\/p>\n<\/div>\n<\/div>\n<\/div>\n<\/div>\n","protected":false},"excerpt":{"rendered":"<p>Este curso \u00e9 uma imers\u00e3o completa e pr\u00e1tica, desenhada para ensinar qualquer pessoa a dominar o universo dos investimentos. Vamos al\u00e9m do b\u00e1sico, capacitando voc\u00ea a interpretar gr\u00e1ficos, identificar tend\u00eancias e decifrar indicadores com precis\u00e3o. Mesmo focado no mercado de criptomoedas, o objetivo \u00e9 que voc\u00ea tenha total independ\u00eancia para investir em qualquer ativo ao redor do mundo \u2013 seja a\u00e7\u00f5es, commodities, moedas ou outros mercados financeiros.<\/p>\n<p><strong>Pr\u00f3ximos passos: <\/strong>Antes de adquirir qualquer curso ou mentoria, esclare\u00e7a suas d\u00favidas e fa\u00e7a perguntas diretamente \u00e0 <a href=\"https:\/\/t.me\/BitcoinBlockBr\/42001\">equipe<\/a>.<\/p>\n<p>Pagamentos direto com cripto 5% de desconto.<\/p>\n<p>Ap\u00f3s pagamento, enviar comprovante para <a href=\"mailto:contato@bitcoinblock.com.br\"><strong>contato@bitcoinblock.com.br<\/strong><\/a><\/p>\n<p>&nbsp;<\/p>\n","protected":false},"featured_media":22544,"comment_status":"open","ping_status":"closed","template":"","meta":[],"product_brand":[],"product_cat":[773635],"product_tag":[773627,773628,773632,773754,773906,773637,773756],"class_list":{"0":"post-14578","1":"product","2":"type-product","3":"status-publish","4":"has-post-thumbnail","6":"product_cat-consultoria","7":"product_tag-bitcoin","8":"product_tag-blockchain","9":"product_tag-consultoria","10":"product_tag-curso","11":"product_tag-independencia-financeira","12":"product_tag-investimento","13":"product_tag-mentoria","15":"first","16":"instock","17":"shipping-taxable","18":"product-type-external"},"_links":{"self":[{"href":"https:\/\/bitcoinblock.com.br\/loja\/wp-json\/wp\/v2\/product\/14578","targetHints":{"allow":["GET"]}}],"collection":[{"href":"https:\/\/bitcoinblock.com.br\/loja\/wp-json\/wp\/v2\/product"}],"about":[{"href":"https:\/\/bitcoinblock.com.br\/loja\/wp-json\/wp\/v2\/types\/product"}],"replies":[{"embeddable":true,"href":"https:\/\/bitcoinblock.com.br\/loja\/wp-json\/wp\/v2\/comments?post=14578"}],"wp:featuredmedia":[{"embeddable":true,"href":"https:\/\/bitcoinblock.com.br\/loja\/wp-json\/wp\/v2\/media\/22544"}],"wp:attachment":[{"href":"https:\/\/bitcoinblock.com.br\/loja\/wp-json\/wp\/v2\/media?parent=14578"}],"wp:term":[{"taxonomy":"product_brand","embeddable":true,"href":"https:\/\/bitcoinblock.com.br\/loja\/wp-json\/wp\/v2\/product_brand?post=14578"},{"taxonomy":"product_cat","embeddable":true,"href":"https:\/\/bitcoinblock.com.br\/loja\/wp-json\/wp\/v2\/product_cat?post=14578"},{"taxonomy":"product_tag","embeddable":true,"href":"https:\/\/bitcoinblock.com.br\/loja\/wp-json\/wp\/v2\/product_tag?post=14578"}],"curies":[{"name":"wp","href":"https:\/\/api.w.org\/{rel}","templated":true}]}}