{"id":19875,"date":"2023-10-15T23:37:31","date_gmt":"2023-10-16T02:37:31","guid":{"rendered":"https:\/\/bitcoinblock.com.br\/loja\/?post_type=product&#038;p=19875"},"modified":"2025-07-08T21:45:05","modified_gmt":"2025-07-09T00:45:05","slug":"consultoria-especializada-internacional-blockchain-tokenizacao-portifolio","status":"publish","type":"product","link":"https:\/\/bitcoinblock.com.br\/loja\/produto\/consultoria-especializada-internacional-blockchain-tokenizacao-portifolio\/","title":{"rendered":"Consultoria Especializada Internacional | Blockchain, Tokeniza\u00e7\u00e3o, Portif\u00f3lio"},"content":{"rendered":"<p>Aqui voc\u00ea encontrar\u00e1 uma Consultoria Especializada Internacional abrangendo temas como Blockchain, Tokeniza\u00e7\u00e3o e Portf\u00f3lio. Explore nosso cat\u00e1logo de produtos e descubra solu\u00e7\u00f5es inovadoras para as suas necessidades de neg\u00f3cios em escala global. Este \u00e9 o seu destino para o futuro da tecnologia e investimento. Bem-vindo \u00e0 vanguarda da inova\u00e7\u00e3o<\/p>\n<p>Melhore suas habilidades no mercado financeiro com a consultoria e mentoria da nossa equipe, traders Especializados desde 2017. Especialista em setups, automa\u00e7\u00e3o de opera\u00e7\u00f5es e gest\u00e3o de risco de criptomoedas, Nossa equipe ir\u00e1 gui\u00e1-lo para o sucesso. Aprenda estrat\u00e9gias comprovadas, melhores pr\u00e1ticas e desenvolva uma mentalidade vencedora. Invista em si mesmo e alcance resultados extraordin\u00e1rios com a consultoria do Bitcoin Block. Est\u00e1 na hora de dar o pr\u00f3ximo passo rumo ao seu sucesso financeiro!<\/p>\n<p><strong>Pr\u00f3ximos passos: <\/strong>Antes de adquirir qualquer curso ou mentoria, esclare\u00e7a suas d\u00favidas e fa\u00e7a perguntas diretamente \u00e0 <a href=\"https:\/\/t.me\/BitcoinBlockBr\/42001\">equipe<\/a>.<\/p>\n<p>Pagamentos direto com cripto 5% de desconto.<\/p>\n<p>Ap\u00f3s pagamento, enviar comprovante para <a href=\"mailto:contato@bitcoinblock.com.br\"><strong>contato@bitcoinblock.com.br<\/strong><\/a><\/p>\n<p>&nbsp;<\/p>\n","protected":false},"excerpt":{"rendered":"<p>Consultoria Especializada Internacional em Blockchain, Tokeniza\u00e7\u00e3o, Portf\u00f3lio e muito mais. Oferecemos recursos detalhados, desde o passo a passo de carteiras at\u00e9 orienta\u00e7\u00f5es sobre como montar um portf\u00f3lio s\u00f3lido. Al\u00e9m disso, abordamos quest\u00f5es cruciais, como resid\u00eancia fiscal e estrat\u00e9gias de investimento em Bitcoin. Estamos aqui para ajud\u00e1-lo a navegar no mundo em constante evolu\u00e7\u00e3o das finan\u00e7as e tecnologia. Seja um l\u00edder em suas escolhas, confie em nossa expertise.&#8221;<\/p>\n<p><strong>Pr\u00f3ximos passos: <\/strong>Antes de adquirir qualquer curso ou mentoria, esclare\u00e7a suas d\u00favidas e fa\u00e7a perguntas diretamente \u00e0 <a href=\"https:\/\/t.me\/BitcoinBlockBr\/42001\">equipe<\/a>.<\/p>\n<p>Pagamentos direto com cripto 5% de desconto.<\/p>\n<p>Ap\u00f3s pagamento, enviar comprovante para <a href=\"mailto:contato@bitcoinblock.com.br\"><strong>contato@bitcoinblock.com.br<\/strong><\/a><\/p>\n<p>&nbsp;<\/p>\n","protected":false},"featured_media":22424,"comment_status":"open","ping_status":"closed","template":"","meta":[],"product_brand":[],"product_cat":[773764],"product_tag":[773627,773628,773632,773906,773637,773756],"class_list":{"0":"post-19875","1":"product","2":"type-product","3":"status-publish","4":"has-post-thumbnail","6":"product_cat-curso","7":"product_tag-bitcoin","8":"product_tag-blockchain","9":"product_tag-consultoria","10":"product_tag-independencia-financeira","11":"product_tag-investimento","12":"product_tag-mentoria","14":"first","15":"instock","16":"shipping-taxable","17":"product-type-external"},"_links":{"self":[{"href":"https:\/\/bitcoinblock.com.br\/loja\/wp-json\/wp\/v2\/product\/19875","targetHints":{"allow":["GET"]}}],"collection":[{"href":"https:\/\/bitcoinblock.com.br\/loja\/wp-json\/wp\/v2\/product"}],"about":[{"href":"https:\/\/bitcoinblock.com.br\/loja\/wp-json\/wp\/v2\/types\/product"}],"replies":[{"embeddable":true,"href":"https:\/\/bitcoinblock.com.br\/loja\/wp-json\/wp\/v2\/comments?post=19875"}],"wp:featuredmedia":[{"embeddable":true,"href":"https:\/\/bitcoinblock.com.br\/loja\/wp-json\/wp\/v2\/media\/22424"}],"wp:attachment":[{"href":"https:\/\/bitcoinblock.com.br\/loja\/wp-json\/wp\/v2\/media?parent=19875"}],"wp:term":[{"taxonomy":"product_brand","embeddable":true,"href":"https:\/\/bitcoinblock.com.br\/loja\/wp-json\/wp\/v2\/product_brand?post=19875"},{"taxonomy":"product_cat","embeddable":true,"href":"https:\/\/bitcoinblock.com.br\/loja\/wp-json\/wp\/v2\/product_cat?post=19875"},{"taxonomy":"product_tag","embeddable":true,"href":"https:\/\/bitcoinblock.com.br\/loja\/wp-json\/wp\/v2\/product_tag?post=19875"}],"curies":[{"name":"wp","href":"https:\/\/api.w.org\/{rel}","templated":true}]}}