{"id":22422,"date":"2024-04-12T16:53:17","date_gmt":"2024-04-12T19:53:17","guid":{"rendered":"https:\/\/bitcoinblock.com.br\/loja\/?post_type=product&#038;p=22422"},"modified":"2025-07-08T21:32:39","modified_gmt":"2025-07-09T00:32:39","slug":"do-basico-ao-avancado-trades-estatisticos","status":"publish","type":"product","link":"https:\/\/bitcoinblock.com.br\/loja\/produto\/do-basico-ao-avancado-trades-estatisticos\/","title":{"rendered":"Consultoria Plano Baleia: An\u00e1lise Gr\u00e1fica para Traders Ambiciosos"},"content":{"rendered":"<p><strong>Consultoria Plano Baleia: An\u00e1lise Gr\u00e1fica para Traders Ambiciosos<\/strong><\/p>\n<p>Est\u00e1 pronto para dominar a an\u00e1lise gr\u00e1fica e se destacar no mercado de criptomoedas? Com o <strong>Plano Baleia<\/strong>, voc\u00ea ter\u00e1 um programa intensivo de <strong>6 horas<\/strong>, distribu\u00eddo em 3 dias, com sess\u00f5es de 2 horas di\u00e1rias de videoconfer\u00eancia. Essa consultoria foi criada para quem deseja evoluir do n\u00edvel intermedi\u00e1rio ao avan\u00e7ado, aprofundando-se em t\u00e9cnicas e estrat\u00e9gias que ampliam as oportunidades no mercado cripto.<\/p>\n<p><strong>O que voc\u00ea vai aprender:<\/strong><\/p>\n<ul>\n<li>Conceitos detalhados sobre tipos de candles e padr\u00f5es gr\u00e1ficos;<\/li>\n<li>Ferramentas essenciais para an\u00e1lises gr\u00e1ficas assertivas;<\/li>\n<li>Estrat\u00e9gias avan\u00e7adas para leitura de mercado e otimiza\u00e7\u00e3o de trades;<\/li>\n<li>Sess\u00f5es ao vivo para esclarecer d\u00favidas e ajustar suas an\u00e1lises.<\/li>\n<\/ul>\n<p><strong>Investimento:<\/strong> R$ 699 por uma experi\u00eancia completa para quem j\u00e1 domina o b\u00e1sico e quer obter <strong>resultados extraordin\u00e1rios<\/strong> no universo blockchain.<\/p>\n<p><strong>Pr\u00f3ximos passos: <\/strong>Antes de adquirir qualquer curso ou mentoria, esclare\u00e7a suas d\u00favidas e fa\u00e7a perguntas diretamente \u00e0 <a href=\"https:\/\/t.me\/BitcoinBlockBr\/42001\">equipe<\/a>.<\/p>\n<p>Pagamentos direto com cripto 5% de desconto.<\/p>\n<p>Ap\u00f3s pagamento, enviar comprovante para <a href=\"mailto:contato@bitcoinblock.com.br\"><strong>contato@bitcoinblock.com.br<\/strong><\/a><\/p>\n<p>&nbsp;<\/p>\n","protected":false},"excerpt":{"rendered":"<p><strong>Consultoria Plano Baleia: An\u00e1lise Gr\u00e1fica para Traders Ambiciosos<\/strong><\/p>\n<p>Est\u00e1 pronto para dominar a an\u00e1lise gr\u00e1fica e se destacar no mercado de criptomoedas? Com o <strong>Plano Baleia<\/strong>, voc\u00ea ter\u00e1 um programa intensivo de <strong>6 horas<\/strong>, distribu\u00eddo em 3 dias, com sess\u00f5es de 2 horas di\u00e1rias de videoconfer\u00eancia. Essa consultoria foi criada para quem deseja evoluir do n\u00edvel intermedi\u00e1rio ao avan\u00e7ado, aprofundando-se em t\u00e9cnicas e estrat\u00e9gias que ampliam as oportunidades no mercado cripto.<\/p>\n<p><strong>O que voc\u00ea vai aprender:<\/strong><\/p>\n<ul>\n<li>Conceitos detalhados sobre tipos de candles e padr\u00f5es gr\u00e1ficos;<\/li>\n<li>Ferramentas essenciais para an\u00e1lises gr\u00e1ficas assertivas;<\/li>\n<li>Estrat\u00e9gias avan\u00e7adas para leitura de mercado e otimiza\u00e7\u00e3o de trades;<\/li>\n<li>Sess\u00f5es ao vivo para esclarecer d\u00favidas e ajustar suas an\u00e1lises.<\/li>\n<\/ul>\n<p><strong>Investimento:<\/strong> R$ 699 por uma experi\u00eancia completa para quem j\u00e1 domina o b\u00e1sico e quer obter <strong>resultados extraordin\u00e1rios<\/strong> no universo blockchain.<\/p>\n<p><strong>Pr\u00f3ximos passos: <\/strong>Antes de adquirir qualquer curso ou mentoria, esclare\u00e7a suas d\u00favidas e fa\u00e7a perguntas diretamente \u00e0 <a href=\"https:\/\/t.me\/BitcoinBlockBr\/42001\">equipe<\/a>.<\/p>\n<p>Pagamentos direto com cripto 5% de desconto.<\/p>\n<p>Ap\u00f3s pagamento, enviar comprovante para <a href=\"mailto:contato@bitcoinblock.com.br\"><strong>contato@bitcoinblock.com.br<\/strong><\/a><\/p>\n<p>&nbsp;<\/p>\n","protected":false},"featured_media":22543,"comment_status":"open","ping_status":"closed","template":"","meta":[],"product_brand":[],"product_cat":[773635],"product_tag":[773627,773628,773632,773754,773906,773637,773756],"class_list":{"0":"post-22422","1":"product","2":"type-product","3":"status-publish","4":"has-post-thumbnail","6":"product_cat-consultoria","7":"product_tag-bitcoin","8":"product_tag-blockchain","9":"product_tag-consultoria","10":"product_tag-curso","11":"product_tag-independencia-financeira","12":"product_tag-investimento","13":"product_tag-mentoria","15":"first","16":"instock","17":"shipping-taxable","18":"product-type-external"},"_links":{"self":[{"href":"https:\/\/bitcoinblock.com.br\/loja\/wp-json\/wp\/v2\/product\/22422","targetHints":{"allow":["GET"]}}],"collection":[{"href":"https:\/\/bitcoinblock.com.br\/loja\/wp-json\/wp\/v2\/product"}],"about":[{"href":"https:\/\/bitcoinblock.com.br\/loja\/wp-json\/wp\/v2\/types\/product"}],"replies":[{"embeddable":true,"href":"https:\/\/bitcoinblock.com.br\/loja\/wp-json\/wp\/v2\/comments?post=22422"}],"wp:featuredmedia":[{"embeddable":true,"href":"https:\/\/bitcoinblock.com.br\/loja\/wp-json\/wp\/v2\/media\/22543"}],"wp:attachment":[{"href":"https:\/\/bitcoinblock.com.br\/loja\/wp-json\/wp\/v2\/media?parent=22422"}],"wp:term":[{"taxonomy":"product_brand","embeddable":true,"href":"https:\/\/bitcoinblock.com.br\/loja\/wp-json\/wp\/v2\/product_brand?post=22422"},{"taxonomy":"product_cat","embeddable":true,"href":"https:\/\/bitcoinblock.com.br\/loja\/wp-json\/wp\/v2\/product_cat?post=22422"},{"taxonomy":"product_tag","embeddable":true,"href":"https:\/\/bitcoinblock.com.br\/loja\/wp-json\/wp\/v2\/product_tag?post=22422"}],"curies":[{"name":"wp","href":"https:\/\/api.w.org\/{rel}","templated":true}]}}