{"id":22429,"date":"2024-05-02T19:29:33","date_gmt":"2024-05-02T22:29:33","guid":{"rendered":"https:\/\/bitcoinblock.com.br\/loja\/?post_type=product&#038;p=22429"},"modified":"2025-07-08T21:45:43","modified_gmt":"2025-07-09T00:45:43","slug":"plano-baleia","status":"publish","type":"product","link":"https:\/\/bitcoinblock.com.br\/loja\/produto\/plano-baleia\/","title":{"rendered":"Consultoria PRO: Transforme-se em um Trader Profissional no Mercado de Criptomoedas"},"content":{"rendered":"<p>Quer se aprofundar de verdade no universo cripto? Com a <strong>Consultoria PRO<\/strong>, voc\u00ea ter\u00e1 um curso completo de <strong>12 horas<\/strong> de videoconfer\u00eancia, distribu\u00eddas em 6 dias, com 2 horas di\u00e1rias. Esse programa foi desenvolvido para ensinar <strong>tudo sobre an\u00e1lise gr\u00e1fica, an\u00e1lise sentimentalista e an\u00e1lise fundamentalista<\/strong>, ajudando voc\u00ea a escolher as melhores criptomoedas para investimentos de longo prazo.<\/p>\n<p><strong>O que voc\u00ea vai aprender:<\/strong><\/p>\n<ul>\n<li><strong>An\u00e1lise Gr\u00e1fica:<\/strong> Interpreta\u00e7\u00e3o de gr\u00e1ficos e tend\u00eancias para uma leitura precisa do mercado;<\/li>\n<li><strong>An\u00e1lise Sentimentalista:<\/strong> Compreens\u00e3o do sentimento de mercado para prever movimentos estrat\u00e9gicos;<\/li>\n<li><strong>An\u00e1lise Fundamentalista:<\/strong> Ferramentas e t\u00e9cnicas para avaliar criptos promissoras e tomar decis\u00f5es de investimento s\u00f3lidas.<\/li>\n<\/ul>\n<p><strong>Benef\u00edcios exclusivos:<\/strong><\/p>\n<ul>\n<li>Acesso a um grupo de alunos exclusivo no Telegram para suporte cont\u00ednuo e discuss\u00f5es;<\/li>\n<li>Atualiza\u00e7\u00f5es frequentes com v\u00eddeo-an\u00e1lises exclusivas para aprofundar seu conhecimento, mesmo ap\u00f3s o curso.<\/li>\n<\/ul>\n<p><strong>Investimento:<\/strong> R$ 1199 por um treinamento intensivo que capacita desde o zero para voc\u00ea se tornar um trader de excel\u00eancia.<\/p>\n<p><strong>Pr\u00f3ximos passos: <\/strong>Antes de adquirir qualquer curso ou mentoria, esclare\u00e7a suas d\u00favidas e fa\u00e7a perguntas diretamente \u00e0 <a href=\"https:\/\/t.me\/BitcoinBlockBr\/42001\">equipe<\/a>.<\/p>\n<p>Pagamentos direto com cripto 5% de desconto.<\/p>\n<p>Ap\u00f3s pagamento, enviar comprovante para <a href=\"mailto:contato@bitcoinblock.com.br\"><strong>contato@bitcoinblock.com.br<\/strong><\/a><\/p>\n<p>&nbsp;<\/p>\n","protected":false},"excerpt":{"rendered":"<p>Quer se aprofundar de verdade no universo cripto? Com a <strong>Consultoria PRO<\/strong>, voc\u00ea ter\u00e1 um curso completo de <strong>12 horas<\/strong> de videoconfer\u00eancia, distribu\u00eddas em 6 dias, com 2 horas di\u00e1rias. Esse programa foi desenvolvido para ensinar <strong>tudo sobre an\u00e1lise gr\u00e1fica, an\u00e1lise sentimentalista e an\u00e1lise fundamentalista<\/strong>, ajudando voc\u00ea a escolher as melhores criptomoedas para investimentos de longo prazo.<\/p>\n<p><strong>O que voc\u00ea vai aprender:<\/strong><\/p>\n<ul>\n<li><strong>An\u00e1lise Gr\u00e1fica:<\/strong> Interpreta\u00e7\u00e3o de gr\u00e1ficos e tend\u00eancias para uma leitura precisa do mercado;<\/li>\n<li><strong>An\u00e1lise Sentimentalista:<\/strong> Compreens\u00e3o do sentimento de mercado para prever movimentos estrat\u00e9gicos;<\/li>\n<li><strong>An\u00e1lise Fundamentalista:<\/strong> Ferramentas e t\u00e9cnicas para avaliar criptos promissoras e tomar decis\u00f5es de investimento s\u00f3lidas.<\/li>\n<\/ul>\n<p><strong>Benef\u00edcios exclusivos:<\/strong><\/p>\n<ul>\n<li>Acesso a um grupo de alunos exclusivo no Telegram para suporte cont\u00ednuo e discuss\u00f5es;<\/li>\n<li>Atualiza\u00e7\u00f5es frequentes com v\u00eddeo-an\u00e1lises exclusivas para aprofundar seu conhecimento, mesmo ap\u00f3s o curso.<\/li>\n<\/ul>\n<p><strong>Investimento:<\/strong> R$ 1199 por um treinamento intensivo que capacita desde o zero para voc\u00ea se tornar um trader de excel\u00eancia.<\/p>\n<p><strong>Pr\u00f3ximos passos:<\/strong><\/p>\n<p>Antes de adquirir qualquer curso ou mentoria, esclare\u00e7a suas d\u00favidas e fa\u00e7a perguntas diretamente \u00e0 <a href=\"https:\/\/t.me\/BitcoinBlockBr\/42001\">equipe<\/a>.<\/p>\n<p>Pagamentos direto com cripto 5% de desconto.<\/p>\n<p>Ap\u00f3s pagamento, enviar comprovante para <a href=\"mailto:contato@bitcoinblock.com.br\"><strong>contato@bitcoinblock.com.br<\/strong><\/a><\/p>\n<p>&nbsp;<\/p>\n","protected":false},"featured_media":22541,"comment_status":"open","ping_status":"closed","template":"","meta":[],"product_brand":[],"product_cat":[773764],"product_tag":[773627,773628,773632,773754,773906,773637,773756],"class_list":{"0":"post-22429","1":"product","2":"type-product","3":"status-publish","4":"has-post-thumbnail","6":"product_cat-curso","7":"product_tag-bitcoin","8":"product_tag-blockchain","9":"product_tag-consultoria","10":"product_tag-curso","11":"product_tag-independencia-financeira","12":"product_tag-investimento","13":"product_tag-mentoria","15":"first","16":"instock","17":"shipping-taxable","18":"product-type-external"},"_links":{"self":[{"href":"https:\/\/bitcoinblock.com.br\/loja\/wp-json\/wp\/v2\/product\/22429","targetHints":{"allow":["GET"]}}],"collection":[{"href":"https:\/\/bitcoinblock.com.br\/loja\/wp-json\/wp\/v2\/product"}],"about":[{"href":"https:\/\/bitcoinblock.com.br\/loja\/wp-json\/wp\/v2\/types\/product"}],"replies":[{"embeddable":true,"href":"https:\/\/bitcoinblock.com.br\/loja\/wp-json\/wp\/v2\/comments?post=22429"}],"wp:featuredmedia":[{"embeddable":true,"href":"https:\/\/bitcoinblock.com.br\/loja\/wp-json\/wp\/v2\/media\/22541"}],"wp:attachment":[{"href":"https:\/\/bitcoinblock.com.br\/loja\/wp-json\/wp\/v2\/media?parent=22429"}],"wp:term":[{"taxonomy":"product_brand","embeddable":true,"href":"https:\/\/bitcoinblock.com.br\/loja\/wp-json\/wp\/v2\/product_brand?post=22429"},{"taxonomy":"product_cat","embeddable":true,"href":"https:\/\/bitcoinblock.com.br\/loja\/wp-json\/wp\/v2\/product_cat?post=22429"},{"taxonomy":"product_tag","embeddable":true,"href":"https:\/\/bitcoinblock.com.br\/loja\/wp-json\/wp\/v2\/product_tag?post=22429"}],"curies":[{"name":"wp","href":"https:\/\/api.w.org\/{rel}","templated":true}]}}