{"id":22515,"date":"2024-06-29T19:41:28","date_gmt":"2024-06-29T22:41:28","guid":{"rendered":"https:\/\/bitcoinblock.com.br\/loja\/?post_type=product&#038;p=22515"},"modified":"2025-06-24T17:51:27","modified_gmt":"2025-06-24T20:51:27","slug":"como-comprar-criptomoedas-anonimamente-sem-kyc","status":"publish","type":"product","link":"https:\/\/bitcoinblock.com.br\/loja\/produto\/como-comprar-criptomoedas-anonimamente-sem-kyc\/","title":{"rendered":"Ultra Anonimato | Red Pill"},"content":{"rendered":"<h4 class=\"esquerda\"><span class=\"linha-com-fundo\"><strong>T\u00f3picos do curso:<\/strong><\/span><\/h4>\n<ul class=\"esquerda\">\n<li>Quais s\u00e3o os potenciais advers\u00e1rios que podem visar suas criptomoedas caso voc\u00ea n\u00e3o mantenha o anonimato em exchanges?<\/li>\n<li>A falsa sensa\u00e7\u00e3o de anonimato ao negociar criptomoedas em exchanges sem KYC, promovida por influenciadores inexperientes em ciberseguran\u00e7a.<\/li>\n<li>Os equ\u00edvocos que comprometem o anonimato ao comprar e vender sem KYC, expondo sua identidade.<\/li>\n<li>Por que optar por sistemas Linux ou Tails &#8220;limpos&#8221; e estrat\u00e9gias avan\u00e7adas de anonimato, utilizando um sistema isolado para cada etapa das transa\u00e7\u00f5es?<\/li>\n<li>Realidade: \u00e9 praticamente imposs\u00edvel adquirir criptomoedas com fiat sem ser identificado; portanto, inevitavelmente voc\u00ea ser\u00e1 identificado mas poder\u00e1 ficar invis\u00edvel depois.<\/li>\n<li>Comunica\u00e7\u00e3o an\u00f4nima com um amigo de confian\u00e7a P2P atrav\u00e9s de PGP, assinando e decriptando mensagens de forma que se torna virtualmente imposs\u00edvel de hackear.<\/li>\n<li>Minerar bitcoin para garantir anonimato utilizando a rede Tor \u00e9 uma ilus\u00e3o. As vulnerabilidades desconhecidas por muitos&#8230;<\/li>\n<li>Keepass + pgp &#8211; O banco de dados criptografado de senhas de exchanges e emails anti ataque f\u00edsico!<\/li>\n<li>Criando um e-mail an\u00f4nimo para abrir uma conta em uma exchange sem KYC.<\/li>\n<li>A vulnerabilidade que poucos sabem do rastro delator do app de 2FA usado para 2FA em exchanges, emails e outros sites!<\/li>\n<li>Criando email an\u00f4nimo com rastro de 2FA failsafe aniquilado no Tails contra ataque f\u00edsico ap\u00f3s desligamento de sess\u00e3o failsafe.<\/li>\n<li>Lista de exchanges sem KYC, como encontr\u00e1-las e identificar as novas no mercado presente e futuro que permitem anonimiza\u00e7\u00e3o completa pela rede TOR.<\/li>\n<li>Contornando o registro em exchanges sem KYC que n\u00e3o aceitam conex\u00e3o Tor com a t\u00e9cnica &#8220;Bait IP Ghost&#8221;, que permite estar protegido pelo Tor sem o conhecimento das exchanges.<\/li>\n<li>VPNs e proxies &#8211; Introdu\u00e7\u00e3o e riscos das vpns que s\u00e3o spywares.<\/li>\n<li>Comprando proxies e vpns anonimamente com criptomoedas e emails an\u00f4nimos!<\/li>\n<li>Erros da comunica\u00e7\u00e3o an\u00f4nima com P2Ps sem KYC que desanonimizam a compra de criptomoedas durante a negocia\u00e7\u00e3o. Evite e vire o jogo se mantendo invis\u00edvel!<\/li>\n<li>Bait Ip Ghost na pr\u00e1tica provado &#8211; An\u00f4nimo em uma exchange grande sem kyc que restringe a conex\u00e3o TOR &#8211; Miss\u00e3o cumprida na v\u00eddeo aula.<\/li>\n<li>O algor\u00edtmo de anonimidade para ficar an\u00f4nimo ap\u00f3s comprar criptomoedas mesmo com FIAT.<\/li>\n<li>Superando o maior desafio: Anonimizando uma criptomoeda de blockchain aberta, como o Bitcoin, ap\u00f3s a compra via P2P, em exchanges brasileiras ou internacionais com Pix ou Real ou ter recebido doa\u00e7\u00f5es ou pagamentos de produtos e servi\u00e7os.<\/li>\n<li>T\u00e1tica 2: Gastando bitcoin anonimamente. Para manter o anonimato ao gastar bitcoin ou outras criptomoedas de blockchain aberta, basta seguir o processo inverso.<\/li>\n<li>Vendendo e gastando criptomoedas por fiat, mantendo o anonimato da maioria das transa\u00e7\u00f5es passadas para evitar que criminosos saibam quanto voc\u00ea ainda possui em criptomoedas, o que pode colocar em risco sua seguran\u00e7a e vida. Essa exposi\u00e7\u00e3o \u00e9 evitada por meio dessas estrat\u00e9gias.<\/li>\n<li>Como ser an\u00f4nimo em redes sociais e emails n\u00edvel avan\u00e7ado!<\/li>\n<li>Twitter e e-mails an\u00f4nimos com aniquila\u00e7\u00e3o dos erros, rastros e brechas com metadados que a maioria comete.<\/li>\n<li>Como validar redes sociais centralizadas com telefones an\u00f4nimos, permanecendo an\u00f4nimo em todos os tr\u00e2mites e tudo 100% online!<\/li>\n<li>Drible os erros mortais com metadados que muitos cometem em anexos de e-mail e chats de redes sociais ou mensageiros, e evite ser desanonimizado.<\/li>\n<li>Drible a censura de redes sociais contra a rede TOR, usando o TOR e a t\u00e1tica de drible Bait IP Ghost!<\/li>\n<\/ul>\n<p>&nbsp;<\/p>\n<p>Todo o Material estar\u00e1 disponivel no Telegram. N\u00e3o Oferecemos Re-embolso.<\/p>\n<p>Antes de adquirir qualquer curso ou mentoria, esclare\u00e7a suas d\u00favidas e fa\u00e7a perguntas diretamente \u00e0 <a href=\"https:\/\/t.me\/BitcoinBlockBr\/42001\">equipe<\/a>. Pagamentos direto com cripto 5% de desconto.<\/p>\n<p>Ap\u00f3s pagamento, enviar comprovante para <a href=\"mailto:contato@bitcoinblock.com.br\"><strong>contato@bitcoinblock.com.br<\/strong><\/a><\/p>\n<p>&nbsp;<\/p>\n<p>&nbsp;<\/p>\n","protected":false},"excerpt":{"rendered":"<h2>Como comprar criptomoedas anonimamente sem KYC<\/h2>\n<h2 class=\"esquerda\">Aprenda a ser an\u00f4nimo em exchanges e P2Ps comprando e vendendo criptos sem kyc mesmo usando FIAT na compra inicial<\/h2>\n<h2 class=\"esquerda\">Aprenda ser an\u00f4nimo na internet com navega\u00e7\u00e3o secreta, emails an\u00f4nimos e perfis fantasmas em milhares de sites e aplicativos!<\/h2>\n<p>Todo o Material estar\u00e1 disponivel no Telegram. N\u00e3o Oferecemos Re-embolso.<\/p>\n<p>Antes de adquirir qualquer curso ou mentoria, esclare\u00e7a suas d\u00favidas e fa\u00e7a perguntas diretamente \u00e0 <a href=\"https:\/\/t.me\/BitcoinBlockBr\/42001\">equipe<\/a>. Pagamentos direto com cripto 5% de desconto.<\/p>\n<p>Ap\u00f3s pagamento, enviar comprovante para <a href=\"mailto:contato@bitcoinblock.com.br\"><strong>contato@bitcoinblock.com.br<\/strong><\/a><\/p>\n<p>&nbsp;<\/p>\n","protected":false},"featured_media":22516,"comment_status":"open","ping_status":"closed","template":"","meta":[],"product_brand":[],"product_cat":[773764],"product_tag":[773919,773628,773921,773917,773922,773918,773920],"class_list":{"0":"post-22515","1":"product","2":"type-product","3":"status-publish","4":"has-post-thumbnail","6":"product_cat-curso","7":"product_tag-anonimato","8":"product_tag-blockchain","9":"product_tag-exchange","10":"product_tag-kyc","11":"product_tag-p2p","12":"product_tag-privacidade","13":"product_tag-seguranca","15":"first","16":"instock","17":"shipping-taxable","18":"product-type-external"},"_links":{"self":[{"href":"https:\/\/bitcoinblock.com.br\/loja\/wp-json\/wp\/v2\/product\/22515","targetHints":{"allow":["GET"]}}],"collection":[{"href":"https:\/\/bitcoinblock.com.br\/loja\/wp-json\/wp\/v2\/product"}],"about":[{"href":"https:\/\/bitcoinblock.com.br\/loja\/wp-json\/wp\/v2\/types\/product"}],"replies":[{"embeddable":true,"href":"https:\/\/bitcoinblock.com.br\/loja\/wp-json\/wp\/v2\/comments?post=22515"}],"wp:featuredmedia":[{"embeddable":true,"href":"https:\/\/bitcoinblock.com.br\/loja\/wp-json\/wp\/v2\/media\/22516"}],"wp:attachment":[{"href":"https:\/\/bitcoinblock.com.br\/loja\/wp-json\/wp\/v2\/media?parent=22515"}],"wp:term":[{"taxonomy":"product_brand","embeddable":true,"href":"https:\/\/bitcoinblock.com.br\/loja\/wp-json\/wp\/v2\/product_brand?post=22515"},{"taxonomy":"product_cat","embeddable":true,"href":"https:\/\/bitcoinblock.com.br\/loja\/wp-json\/wp\/v2\/product_cat?post=22515"},{"taxonomy":"product_tag","embeddable":true,"href":"https:\/\/bitcoinblock.com.br\/loja\/wp-json\/wp\/v2\/product_tag?post=22515"}],"curies":[{"name":"wp","href":"https:\/\/api.w.org\/{rel}","templated":true}]}}